{"id":1545,"date":"2024-11-29T22:08:27","date_gmt":"2024-11-29T21:08:27","guid":{"rendered":"https:\/\/zpracujdane.cz\/web\/?page_id=1545"},"modified":"2024-11-29T22:18:56","modified_gmt":"2024-11-29T21:18:56","slug":"poradenstvi","status":"publish","type":"page","link":"https:\/\/zpracujdane.cz\/web\/poradenstvi\/","title":{"rendered":"Poradenstv\u00ed pro va\u0161e podnik\u00e1n\u00ed v&nbsp;Chomutov\u011b"},"content":{"rendered":"\t\t<div data-elementor-type=\"wp-post\" data-elementor-id=\"1545\" class=\"elementor elementor-1545\">\n\t\t\t\t<div class=\"elementor-element elementor-element-09e4f30 e-flex e-con-boxed e-con e-parent\" data-id=\"09e4f30\" data-element_type=\"container\" data-settings=\"{&quot;background_background&quot;:&quot;classic&quot;}\">\n\t\t\t\t\t<div class=\"e-con-inner\">\n\t\t<div class=\"elementor-element elementor-element-e82164a e-con-full e-flex e-con e-child\" data-id=\"e82164a\" data-element_type=\"container\">\n\t\t\t\t<div class=\"elementor-element elementor-element-1abf55f elementor-widget elementor-widget-heading\" data-id=\"1abf55f\" data-element_type=\"widget\" data-widget_type=\"heading.default\">\n\t\t\t\t<div class=\"elementor-widget-container\">\n\t\t\t<h6 class=\"elementor-heading-title elementor-size-default\">Na\u0161e slu\u017eby<\/h6>\t\t<\/div>\n\t\t\t\t<\/div>\n\t\t\t\t<div class=\"elementor-element elementor-element-78cf751 elementor-widget elementor-widget-heading\" data-id=\"78cf751\" data-element_type=\"widget\" data-widget_type=\"heading.default\">\n\t\t\t\t<div class=\"elementor-widget-container\">\n\t\t\t<h1 class=\"elementor-heading-title elementor-size-default\">Poradenstv\u00ed pro va\u0161e podnik\u00e1n\u00ed v&nbsp;Chomutov\u011b<br> a okol\u00ed<\/h1>\t\t<\/div>\n\t\t\t\t<\/div>\n\t\t\t\t<\/div>\n\t\t\t\t\t<\/div>\n\t\t\t\t<\/div>\n\t\t<div class=\"elementor-element elementor-element-27dec6e e-flex e-con-boxed e-con e-parent\" data-id=\"27dec6e\" data-element_type=\"container\" data-settings=\"{&quot;background_background&quot;:&quot;classic&quot;}\">\n\t\t\t\t\t<div class=\"e-con-inner\">\n\t\t\t\t<div class=\"elementor-element elementor-element-f704414 elementor-widget elementor-widget-heading\" data-id=\"f704414\" data-element_type=\"widget\" data-widget_type=\"heading.default\">\n\t\t\t\t<div class=\"elementor-widget-container\">\n\t\t\t<h6 class=\"elementor-heading-title elementor-size-default\">Profesion\u00e1ln\u00ed poradenstv\u00ed na m\u00edru<\/h6>\t\t<\/div>\n\t\t\t\t<\/div>\n\t\t\t\t<div class=\"elementor-element elementor-element-e1d9a60 elementor-widget elementor-widget-text-editor\" data-id=\"e1d9a60\" data-element_type=\"widget\" data-widget_type=\"text-editor.default\">\n\t\t\t\t<div class=\"elementor-widget-container\">\n\t\t\t\t\t\t\t<p>Pot\u0159ebujete <strong>odbornou pomoc s&nbsp;\u00fa\u010detnictv\u00edm, dan\u011bmi nebo pl\u00e1nov\u00e1n\u00edm financ\u00ed<\/strong>? Nab\u00edz\u00edme <strong>profesion\u00e1ln\u00ed poradenstv\u00ed<\/strong>, kter\u00e9 v\u00e1m pom\u016f\u017ee <strong>efektivn\u011b<\/strong> \u0159\u00eddit va\u0161e podnik\u00e1n\u00ed a naj\u00edt optim\u00e1ln\u00ed \u0159e\u0161en\u00ed pro va\u0161e pot\u0159eby.<\/p>\t\t\t\t\t\t<\/div>\n\t\t\t\t<\/div>\n\t\t\t\t\t<\/div>\n\t\t\t\t<\/div>\n\t\t<div class=\"elementor-element elementor-element-7750483 e-flex e-con-boxed e-con e-parent\" data-id=\"7750483\" data-element_type=\"container\">\n\t\t\t\t\t<div class=\"e-con-inner\">\n\t\t<div class=\"elementor-element elementor-element-8b75471 e-con-full e-flex e-con e-child\" data-id=\"8b75471\" data-element_type=\"container\" data-settings=\"{&quot;background_background&quot;:&quot;classic&quot;}\">\n\t\t\t\t<div class=\"elementor-element elementor-element-729a3d1 elementor-widget elementor-widget-image\" data-id=\"729a3d1\" data-element_type=\"widget\" data-widget_type=\"image.default\">\n\t\t\t\t<div class=\"elementor-widget-container\">\n\t\t\t\t\t\t\t\t\t\t\t\t\t<img fetchpriority=\"high\" decoding=\"async\" width=\"640\" height=\"420\" src=\"https:\/\/zpracujdane.cz\/web\/wp-content\/uploads\/2024\/11\/konzultace.jpg\" class=\"attachment-full size-full wp-image-1228\" alt=\"\" srcset=\"https:\/\/zpracujdane.cz\/web\/wp-content\/uploads\/2024\/11\/konzultace.jpg 640w, https:\/\/zpracujdane.cz\/web\/wp-content\/uploads\/2024\/11\/konzultace-300x197.jpg 300w\" sizes=\"(max-width: 640px) 100vw, 640px\" \/>\t\t\t\t\t\t\t\t\t\t\t\t\t<\/div>\n\t\t\t\t<\/div>\n\t\t\t\t<\/div>\n\t\t<div class=\"elementor-element elementor-element-81d04ef e-con-full e-flex e-con e-child\" data-id=\"81d04ef\" data-element_type=\"container\">\n\t\t\t\t<div class=\"elementor-element elementor-element-2ea9ddb elementor-widget elementor-widget-heading\" data-id=\"2ea9ddb\" data-element_type=\"widget\" data-widget_type=\"heading.default\">\n\t\t\t\t<div class=\"elementor-widget-container\">\n\t\t\t<h3 class=\"elementor-heading-title elementor-size-default\">Na\u0161e slu\u017eby zahrnuj\u00ed:<\/h3>\t\t<\/div>\n\t\t\t\t<\/div>\n\t\t\t\t<div class=\"elementor-element elementor-element-f3b1155 elementor-widget elementor-widget-text-editor\" data-id=\"f3b1155\" data-element_type=\"widget\" data-widget_type=\"text-editor.default\">\n\t\t\t\t<div class=\"elementor-widget-container\">\n\t\t\t\t\t\t\t<ul><li><strong>\u00da\u010detn\u00ed a da\u0148ov\u00e9 poradenstv\u00ed<\/strong>: Pom\u016f\u017eeme v\u00e1m se slo\u017eit\u00fdmi ot\u00e1zkami a zajist\u00edme, \u017ee va\u0161e \u00fa\u010detn\u00ed i da\u0148ov\u00e1 agenda bude v&nbsp;po\u0159\u00e1dku.<\/li><li><strong>Konzultace p\u0159i zakl\u00e1d\u00e1n\u00ed a likvidaci spole\u010dnost\u00ed<\/strong>: Poskytneme v\u00e1m pot\u0159ebn\u00e9 informace a zajist\u00edme hladk\u00fd pr\u016fb\u011bh v\u0161ech proces\u016f.<\/li><li><strong>Finan\u010dn\u00ed anal\u00fdzy a pl\u00e1nov\u00e1n\u00ed<\/strong>: Pom\u016f\u017eeme v\u00e1m s&nbsp;optimalizac\u00ed va\u0161ich financ\u00ed, abyste mohli dosahovat sv\u00fdch c\u00edl\u016f.<\/li><\/ul><p>Nev\u00e1hejte se na n\u00e1s <a href=\"https:\/\/zpracujdane.cz\/web\/kontakt\/\">obr\u00e1tit<\/a>, a\u0165 u\u017e hled\u00e1te odborn\u00e9 rady, nebo pot\u0159ebujete pomoc p\u0159i kl\u00ed\u010dov\u00fdch rozhodnut\u00edch ve va\u0161em podnik\u00e1n\u00ed.<\/p>\t\t\t\t\t\t<\/div>\n\t\t\t\t<\/div>\n\t\t\t\t<\/div>\n\t\t\t\t\t<\/div>\n\t\t\t\t<\/div>\n\t\t<div class=\"elementor-element elementor-element-3e1d37d e-flex e-con-boxed e-con e-parent\" data-id=\"3e1d37d\" data-element_type=\"container\" data-settings=\"{&quot;background_background&quot;:&quot;classic&quot;}\">\n\t\t\t\t\t<div class=\"e-con-inner\">\n\t\t<div class=\"elementor-element elementor-element-8f0f9fc e-con-full e-flex e-con e-child\" data-id=\"8f0f9fc\" data-element_type=\"container\">\n\t\t\t\t<div class=\"elementor-element elementor-element-844f8a6 elementor-widget elementor-widget-heading\" data-id=\"844f8a6\" data-element_type=\"widget\" data-widget_type=\"heading.default\">\n\t\t\t\t<div class=\"elementor-widget-container\">\n\t\t\t<h6 class=\"elementor-heading-title elementor-size-default\">Kontaktujte n\u00e1s<\/h6>\t\t<\/div>\n\t\t\t\t<\/div>\n\t\t\t\t<div class=\"elementor-element elementor-element-98abab2 elementor-widget elementor-widget-heading\" data-id=\"98abab2\" data-element_type=\"widget\" data-widget_type=\"heading.default\">\n\t\t\t\t<div class=\"elementor-widget-container\">\n\t\t\t<h2 class=\"elementor-heading-title elementor-size-default\">M\u00e1te z\u00e1jem o na\u0161e slu\u017eby?<\/h2>\t\t<\/div>\n\t\t\t\t<\/div>\n\t\t\t\t<div class=\"elementor-element elementor-element-e4041df elementor-widget elementor-widget-text-editor\" data-id=\"e4041df\" data-element_type=\"widget\" data-widget_type=\"text-editor.default\">\n\t\t\t\t<div class=\"elementor-widget-container\">\n\t\t\t\t\t\t\t<p>Nev\u00e1hejte n\u00e1s kontaktovat a sv\u011b\u0159te sv\u00e9 jedn\u00e1n\u00ed s&nbsp;\u00fa\u0159ady profesion\u00e1l\u016fm. Postar\u00e1me se o v\u0161e, abyste m\u011bli klid a \u010das na sv\u00e9 podnik\u00e1n\u00ed.<\/p>\t\t\t\t\t\t<\/div>\n\t\t\t\t<\/div>\n\t\t\t\t<div class=\"elementor-element elementor-element-14832cd elementor-align-center elementor-mobile-align-center elementor-widget elementor-widget-button\" data-id=\"14832cd\" data-element_type=\"widget\" data-widget_type=\"button.default\">\n\t\t\t\t<div class=\"elementor-widget-container\">\n\t\t\t\t\t\t\t<div class=\"elementor-button-wrapper\">\n\t\t\t\t\t<a class=\"elementor-button elementor-button-link elementor-size-md\" href=\"https:\/\/zpracujdane.cz\/web\/#poptavka\">\n\t\t\t\t\t\t<span class=\"elementor-button-content-wrapper\">\n\t\t\t\t\t\t\t\t\t<span class=\"elementor-button-text\">Kontaktovat<\/span>\n\t\t\t\t\t<\/span>\n\t\t\t\t\t<\/a>\n\t\t\t\t<\/div>\n\t\t\t\t\t\t<\/div>\n\t\t\t\t<\/div>\n\t\t\t\t<\/div>\n\t\t\t\t\t<\/div>\n\t\t\t\t<\/div>\n\t\t\t\t<\/div>\n\t\t","protected":false},"excerpt":{"rendered":"<p>Na\u0161e slu\u017eby Poradenstv\u00ed pro va\u0161e podnik\u00e1n\u00ed v&nbsp;Chomutov\u011b a okol\u00ed Profesion\u00e1ln\u00ed poradenstv\u00ed na m\u00edru Pot\u0159ebujete odbornou pomoc s&nbsp;\u00fa\u010detnictv\u00edm, dan\u011bmi nebo pl\u00e1nov\u00e1n\u00edm financ\u00ed? Nab\u00edz\u00edme profesion\u00e1ln\u00ed poradenstv\u00ed, kter\u00e9 v\u00e1m pom\u016f\u017ee efektivn\u011b \u0159\u00eddit va\u0161e podnik\u00e1n\u00ed a naj\u00edt optim\u00e1ln\u00ed \u0159e\u0161en\u00ed pro va\u0161e pot\u0159eby. Na\u0161e slu\u017eby zahrnuj\u00ed: \u00da\u010detn\u00ed a da\u0148ov\u00e9 poradenstv\u00ed: Pom\u016f\u017eeme v\u00e1m se slo\u017eit\u00fdmi ot\u00e1zkami a zajist\u00edme, \u017ee va\u0161e \u00fa\u010detn\u00ed [&hellip;]<\/p>\n","protected":false},"author":1,"featured_media":0,"parent":0,"menu_order":0,"comment_status":"closed","ping_status":"closed","template":"","meta":{"site-sidebar-layout":"default","site-content-layout":"page-builder","ast-site-content-layout":"","site-content-style":"default","site-sidebar-style":"default","ast-global-header-display":"","ast-banner-title-visibility":"","ast-main-header-display":"","ast-hfb-above-header-display":"","ast-hfb-below-header-display":"","ast-hfb-mobile-header-display":"","site-post-title":"disabled","ast-breadcrumbs-content":"","ast-featured-img":"disabled","footer-sml-layout":"","theme-transparent-header-meta":"enabled","adv-header-id-meta":"","stick-header-meta":"","header-above-stick-meta":"","header-main-stick-meta":"","header-below-stick-meta":"","astra-migrate-meta-layouts":"default","ast-page-background-enabled":"default","ast-page-background-meta":{"desktop":{"background-color":"","background-image":"","background-repeat":"repeat","background-position":"center center","background-size":"auto","background-attachment":"scroll","background-type":"","background-media":"","overlay-type":"","overlay-color":"","overlay-opacity":"","overlay-gradient":""},"tablet":{"background-color":"","background-image":"","background-repeat":"repeat","background-position":"center center","background-size":"auto","background-attachment":"scroll","background-type":"","background-media":"","overlay-type":"","overlay-color":"","overlay-opacity":"","overlay-gradient":""},"mobile":{"background-color":"","background-image":"","background-repeat":"repeat","background-position":"center center","background-size":"auto","background-attachment":"scroll","background-type":"","background-media":"","overlay-type":"","overlay-color":"","overlay-opacity":"","overlay-gradient":""}},"ast-content-background-meta":{"desktop":{"background-color":"var(--ast-global-color-5)","background-image":"","background-repeat":"repeat","background-position":"center center","background-size":"auto","background-attachment":"scroll","background-type":"","background-media":"","overlay-type":"","overlay-color":"","overlay-opacity":"","overlay-gradient":""},"tablet":{"background-color":"var(--ast-global-color-5)","background-image":"","background-repeat":"repeat","background-position":"center center","background-size":"auto","background-attachment":"scroll","background-type":"","background-media":"","overlay-type":"","overlay-color":"","overlay-opacity":"","overlay-gradient":""},"mobile":{"background-color":"var(--ast-global-color-5)","background-image":"","background-repeat":"repeat","background-position":"center center","background-size":"auto","background-attachment":"scroll","background-type":"","background-media":"","overlay-type":"","overlay-color":"","overlay-opacity":"","overlay-gradient":""}},"footnotes":""},"class_list":["post-1545","page","type-page","status-publish","hentry"],"yoast_head":"<!-- This site is optimized with the Yoast SEO plugin v25.2 - https:\/\/yoast.com\/wordpress\/plugins\/seo\/ -->\n<title>Poradenstv\u00ed pro va\u0161e podnik\u00e1n\u00ed v Chomutov\u011b - Zpracujdan\u011b.cz<\/title>\n<meta name=\"robots\" content=\"index, follow, max-snippet:-1, max-image-preview:large, max-video-preview:-1\" \/>\n<link rel=\"canonical\" href=\"https:\/\/zpracujdane.cz\/web\/poradenstvi\/\" \/>\n<meta property=\"og:locale\" content=\"cs_CZ\" \/>\n<meta property=\"og:type\" content=\"article\" \/>\n<meta property=\"og:title\" content=\"Poradenstv\u00ed pro va\u0161e podnik\u00e1n\u00ed v Chomutov\u011b - Zpracujdan\u011b.cz\" \/>\n<meta property=\"og:description\" content=\"Na\u0161e slu\u017eby Poradenstv\u00ed pro va\u0161e podnik\u00e1n\u00ed v&nbsp;Chomutov\u011b a okol\u00ed Profesion\u00e1ln\u00ed poradenstv\u00ed na m\u00edru Pot\u0159ebujete odbornou pomoc s&nbsp;\u00fa\u010detnictv\u00edm, dan\u011bmi nebo pl\u00e1nov\u00e1n\u00edm financ\u00ed? Nab\u00edz\u00edme profesion\u00e1ln\u00ed poradenstv\u00ed, kter\u00e9 v\u00e1m pom\u016f\u017ee efektivn\u011b \u0159\u00eddit va\u0161e podnik\u00e1n\u00ed a naj\u00edt optim\u00e1ln\u00ed \u0159e\u0161en\u00ed pro va\u0161e pot\u0159eby. Na\u0161e slu\u017eby zahrnuj\u00ed: \u00da\u010detn\u00ed a da\u0148ov\u00e9 poradenstv\u00ed: Pom\u016f\u017eeme v\u00e1m se slo\u017eit\u00fdmi ot\u00e1zkami a zajist\u00edme, \u017ee va\u0161e \u00fa\u010detn\u00ed [&hellip;]\" \/>\n<meta property=\"og:url\" content=\"https:\/\/zpracujdane.cz\/web\/poradenstvi\/\" \/>\n<meta property=\"og:site_name\" content=\"Zpracujdan\u011b.cz\" \/>\n<meta property=\"article:modified_time\" content=\"2024-11-29T21:18:56+00:00\" \/>\n<meta property=\"og:image\" content=\"https:\/\/zpracujdane.cz\/web\/wp-content\/uploads\/2024\/11\/konzultace.jpg\" \/>\n\t<meta property=\"og:image:width\" content=\"640\" \/>\n\t<meta property=\"og:image:height\" content=\"420\" \/>\n\t<meta property=\"og:image:type\" content=\"image\/jpeg\" \/>\n<meta name=\"twitter:card\" content=\"summary_large_image\" \/>\n<meta name=\"twitter:label1\" content=\"Odhadovan\u00e1 doba \u010dten\u00ed\" \/>\n\t<meta name=\"twitter:data1\" content=\"2 minuty\" \/>\n<script type=\"application\/ld+json\" class=\"yoast-schema-graph\">{\"@context\":\"https:\/\/schema.org\",\"@graph\":[{\"@type\":\"WebPage\",\"@id\":\"https:\/\/zpracujdane.cz\/web\/poradenstvi\/\",\"url\":\"https:\/\/zpracujdane.cz\/web\/poradenstvi\/\",\"name\":\"Poradenstv\u00ed pro va\u0161e podnik\u00e1n\u00ed v Chomutov\u011b - Zpracujdan\u011b.cz\",\"isPartOf\":{\"@id\":\"https:\/\/zpracujdane.cz\/web\/#website\"},\"primaryImageOfPage\":{\"@id\":\"https:\/\/zpracujdane.cz\/web\/poradenstvi\/#primaryimage\"},\"image\":{\"@id\":\"https:\/\/zpracujdane.cz\/web\/poradenstvi\/#primaryimage\"},\"thumbnailUrl\":\"https:\/\/zpracujdane.cz\/web\/wp-content\/uploads\/2024\/11\/konzultace.jpg\",\"datePublished\":\"2024-11-29T21:08:27+00:00\",\"dateModified\":\"2024-11-29T21:18:56+00:00\",\"breadcrumb\":{\"@id\":\"https:\/\/zpracujdane.cz\/web\/poradenstvi\/#breadcrumb\"},\"inLanguage\":\"cs\",\"potentialAction\":[{\"@type\":\"ReadAction\",\"target\":[\"https:\/\/zpracujdane.cz\/web\/poradenstvi\/\"]}]},{\"@type\":\"ImageObject\",\"inLanguage\":\"cs\",\"@id\":\"https:\/\/zpracujdane.cz\/web\/poradenstvi\/#primaryimage\",\"url\":\"https:\/\/zpracujdane.cz\/web\/wp-content\/uploads\/2024\/11\/konzultace.jpg\",\"contentUrl\":\"https:\/\/zpracujdane.cz\/web\/wp-content\/uploads\/2024\/11\/konzultace.jpg\",\"width\":640,\"height\":420},{\"@type\":\"BreadcrumbList\",\"@id\":\"https:\/\/zpracujdane.cz\/web\/poradenstvi\/#breadcrumb\",\"itemListElement\":[{\"@type\":\"ListItem\",\"position\":1,\"name\":\"Dom\u016f\",\"item\":\"https:\/\/zpracujdane.cz\/web\/\"},{\"@type\":\"ListItem\",\"position\":2,\"name\":\"Poradenstv\u00ed pro va\u0161e podnik\u00e1n\u00ed v Chomutov\u011b\"}]},{\"@type\":\"WebSite\",\"@id\":\"https:\/\/zpracujdane.cz\/web\/#website\",\"url\":\"https:\/\/zpracujdane.cz\/web\/\",\"name\":\"Zpracujdan\u011b.cz\",\"description\":\"\",\"publisher\":{\"@id\":\"https:\/\/zpracujdane.cz\/web\/#organization\"},\"potentialAction\":[{\"@type\":\"SearchAction\",\"target\":{\"@type\":\"EntryPoint\",\"urlTemplate\":\"https:\/\/zpracujdane.cz\/web\/?s={search_term_string}\"},\"query-input\":{\"@type\":\"PropertyValueSpecification\",\"valueRequired\":true,\"valueName\":\"search_term_string\"}}],\"inLanguage\":\"cs\"},{\"@type\":\"Organization\",\"@id\":\"https:\/\/zpracujdane.cz\/web\/#organization\",\"name\":\"Zpracujdan\u011b.cz\",\"url\":\"https:\/\/zpracujdane.cz\/web\/\",\"logo\":{\"@type\":\"ImageObject\",\"inLanguage\":\"cs\",\"@id\":\"https:\/\/zpracujdane.cz\/web\/#\/schema\/logo\/image\/\",\"url\":\"https:\/\/zpracujdane.cz\/web\/wp-content\/uploads\/2024\/11\/logozd-web-bile.png\",\"contentUrl\":\"https:\/\/zpracujdane.cz\/web\/wp-content\/uploads\/2024\/11\/logozd-web-bile.png\",\"width\":1360,\"height\":253,\"caption\":\"Zpracujdan\u011b.cz\"},\"image\":{\"@id\":\"https:\/\/zpracujdane.cz\/web\/#\/schema\/logo\/image\/\"}}]}<\/script>\n<!-- \/ Yoast SEO plugin. -->","yoast_head_json":{"title":"Poradenstv\u00ed pro va\u0161e podnik\u00e1n\u00ed v Chomutov\u011b - Zpracujdan\u011b.cz","robots":{"index":"index","follow":"follow","max-snippet":"max-snippet:-1","max-image-preview":"max-image-preview:large","max-video-preview":"max-video-preview:-1"},"canonical":"https:\/\/zpracujdane.cz\/web\/poradenstvi\/","og_locale":"cs_CZ","og_type":"article","og_title":"Poradenstv\u00ed pro va\u0161e podnik\u00e1n\u00ed v Chomutov\u011b - Zpracujdan\u011b.cz","og_description":"Na\u0161e slu\u017eby Poradenstv\u00ed pro va\u0161e podnik\u00e1n\u00ed v&nbsp;Chomutov\u011b a okol\u00ed Profesion\u00e1ln\u00ed poradenstv\u00ed na m\u00edru Pot\u0159ebujete odbornou pomoc s&nbsp;\u00fa\u010detnictv\u00edm, dan\u011bmi nebo pl\u00e1nov\u00e1n\u00edm financ\u00ed? Nab\u00edz\u00edme profesion\u00e1ln\u00ed poradenstv\u00ed, kter\u00e9 v\u00e1m pom\u016f\u017ee efektivn\u011b \u0159\u00eddit va\u0161e podnik\u00e1n\u00ed a naj\u00edt optim\u00e1ln\u00ed \u0159e\u0161en\u00ed pro va\u0161e pot\u0159eby. Na\u0161e slu\u017eby zahrnuj\u00ed: \u00da\u010detn\u00ed a da\u0148ov\u00e9 poradenstv\u00ed: Pom\u016f\u017eeme v\u00e1m se slo\u017eit\u00fdmi ot\u00e1zkami a zajist\u00edme, \u017ee va\u0161e \u00fa\u010detn\u00ed [&hellip;]","og_url":"https:\/\/zpracujdane.cz\/web\/poradenstvi\/","og_site_name":"Zpracujdan\u011b.cz","article_modified_time":"2024-11-29T21:18:56+00:00","og_image":[{"width":640,"height":420,"url":"https:\/\/zpracujdane.cz\/web\/wp-content\/uploads\/2024\/11\/konzultace.jpg","type":"image\/jpeg"}],"twitter_card":"summary_large_image","twitter_misc":{"Odhadovan\u00e1 doba \u010dten\u00ed":"2 minuty"},"schema":{"@context":"https:\/\/schema.org","@graph":[{"@type":"WebPage","@id":"https:\/\/zpracujdane.cz\/web\/poradenstvi\/","url":"https:\/\/zpracujdane.cz\/web\/poradenstvi\/","name":"Poradenstv\u00ed pro va\u0161e podnik\u00e1n\u00ed v Chomutov\u011b - Zpracujdan\u011b.cz","isPartOf":{"@id":"https:\/\/zpracujdane.cz\/web\/#website"},"primaryImageOfPage":{"@id":"https:\/\/zpracujdane.cz\/web\/poradenstvi\/#primaryimage"},"image":{"@id":"https:\/\/zpracujdane.cz\/web\/poradenstvi\/#primaryimage"},"thumbnailUrl":"https:\/\/zpracujdane.cz\/web\/wp-content\/uploads\/2024\/11\/konzultace.jpg","datePublished":"2024-11-29T21:08:27+00:00","dateModified":"2024-11-29T21:18:56+00:00","breadcrumb":{"@id":"https:\/\/zpracujdane.cz\/web\/poradenstvi\/#breadcrumb"},"inLanguage":"cs","potentialAction":[{"@type":"ReadAction","target":["https:\/\/zpracujdane.cz\/web\/poradenstvi\/"]}]},{"@type":"ImageObject","inLanguage":"cs","@id":"https:\/\/zpracujdane.cz\/web\/poradenstvi\/#primaryimage","url":"https:\/\/zpracujdane.cz\/web\/wp-content\/uploads\/2024\/11\/konzultace.jpg","contentUrl":"https:\/\/zpracujdane.cz\/web\/wp-content\/uploads\/2024\/11\/konzultace.jpg","width":640,"height":420},{"@type":"BreadcrumbList","@id":"https:\/\/zpracujdane.cz\/web\/poradenstvi\/#breadcrumb","itemListElement":[{"@type":"ListItem","position":1,"name":"Dom\u016f","item":"https:\/\/zpracujdane.cz\/web\/"},{"@type":"ListItem","position":2,"name":"Poradenstv\u00ed pro va\u0161e podnik\u00e1n\u00ed v Chomutov\u011b"}]},{"@type":"WebSite","@id":"https:\/\/zpracujdane.cz\/web\/#website","url":"https:\/\/zpracujdane.cz\/web\/","name":"Zpracujdan\u011b.cz","description":"","publisher":{"@id":"https:\/\/zpracujdane.cz\/web\/#organization"},"potentialAction":[{"@type":"SearchAction","target":{"@type":"EntryPoint","urlTemplate":"https:\/\/zpracujdane.cz\/web\/?s={search_term_string}"},"query-input":{"@type":"PropertyValueSpecification","valueRequired":true,"valueName":"search_term_string"}}],"inLanguage":"cs"},{"@type":"Organization","@id":"https:\/\/zpracujdane.cz\/web\/#organization","name":"Zpracujdan\u011b.cz","url":"https:\/\/zpracujdane.cz\/web\/","logo":{"@type":"ImageObject","inLanguage":"cs","@id":"https:\/\/zpracujdane.cz\/web\/#\/schema\/logo\/image\/","url":"https:\/\/zpracujdane.cz\/web\/wp-content\/uploads\/2024\/11\/logozd-web-bile.png","contentUrl":"https:\/\/zpracujdane.cz\/web\/wp-content\/uploads\/2024\/11\/logozd-web-bile.png","width":1360,"height":253,"caption":"Zpracujdan\u011b.cz"},"image":{"@id":"https:\/\/zpracujdane.cz\/web\/#\/schema\/logo\/image\/"}}]}},"_links":{"self":[{"href":"https:\/\/zpracujdane.cz\/web\/wp-json\/wp\/v2\/pages\/1545","targetHints":{"allow":["GET"]}}],"collection":[{"href":"https:\/\/zpracujdane.cz\/web\/wp-json\/wp\/v2\/pages"}],"about":[{"href":"https:\/\/zpracujdane.cz\/web\/wp-json\/wp\/v2\/types\/page"}],"author":[{"embeddable":true,"href":"https:\/\/zpracujdane.cz\/web\/wp-json\/wp\/v2\/users\/1"}],"replies":[{"embeddable":true,"href":"https:\/\/zpracujdane.cz\/web\/wp-json\/wp\/v2\/comments?post=1545"}],"version-history":[{"count":11,"href":"https:\/\/zpracujdane.cz\/web\/wp-json\/wp\/v2\/pages\/1545\/revisions"}],"predecessor-version":[{"id":1563,"href":"https:\/\/zpracujdane.cz\/web\/wp-json\/wp\/v2\/pages\/1545\/revisions\/1563"}],"wp:attachment":[{"href":"https:\/\/zpracujdane.cz\/web\/wp-json\/wp\/v2\/media?parent=1545"}],"curies":[{"name":"wp","href":"https:\/\/api.w.org\/{rel}","templated":true}]}}